{"id":27,"date":"2020-09-08T11:21:20","date_gmt":"2020-09-08T14:21:20","guid":{"rendered":"http:\/\/paulocampos.net.br\/?page_id=27"},"modified":"2021-01-18T11:38:58","modified_gmt":"2021-01-18T14:38:58","slug":"sobre","status":"publish","type":"page","link":"http:\/\/paulocampos.net.br\/index.php\/sobre\/","title":{"rendered":"Sobre"},"content":{"rendered":"\n<p>Paulo Roberto de Campos \u00e9 contador, com vasta experi\u00eancia em planejamento tribut\u00e1rio e cont\u00e1bil no setor de ind\u00fastria e com\u00e9rcio.<\/p>\n","protected":false},"excerpt":{"rendered":"<p>Paulo Roberto de Campos \u00e9 contador, com vasta experi\u00eancia em planejamento tribut\u00e1rio e cont\u00e1bil no setor de ind\u00fastria e com\u00e9rcio.<\/p>\n","protected":false},"author":1,"featured_media":225,"parent":0,"menu_order":0,"comment_status":"closed","ping_status":"closed","template":"","meta":[],"_links":{"self":[{"href":"http:\/\/paulocampos.net.br\/index.php\/wp-json\/wp\/v2\/pages\/27"}],"collection":[{"href":"http:\/\/paulocampos.net.br\/index.php\/wp-json\/wp\/v2\/pages"}],"about":[{"href":"http:\/\/paulocampos.net.br\/index.php\/wp-json\/wp\/v2\/types\/page"}],"author":[{"embeddable":true,"href":"http:\/\/paulocampos.net.br\/index.php\/wp-json\/wp\/v2\/users\/1"}],"replies":[{"embeddable":true,"href":"http:\/\/paulocampos.net.br\/index.php\/wp-json\/wp\/v2\/comments?post=27"}],"version-history":[{"count":2,"href":"http:\/\/paulocampos.net.br\/index.php\/wp-json\/wp\/v2\/pages\/27\/revisions"}],"predecessor-version":[{"id":64,"href":"http:\/\/paulocampos.net.br\/index.php\/wp-json\/wp\/v2\/pages\/27\/revisions\/64"}],"wp:featuredmedia":[{"embeddable":true,"href":"http:\/\/paulocampos.net.br\/index.php\/wp-json\/wp\/v2\/media\/225"}],"wp:attachment":[{"href":"http:\/\/paulocampos.net.br\/index.php\/wp-json\/wp\/v2\/media?parent=27"}],"curies":[{"name":"wp","href":"https:\/\/api.w.org\/{rel}","templated":true}]}}